{"id":577,"date":"2020-12-09T16:18:20","date_gmt":"2020-12-09T15:18:20","guid":{"rendered":"https:\/\/privius.com\/?page_id=577"},"modified":"2020-12-09T16:27:42","modified_gmt":"2020-12-09T15:27:42","slug":"armadio-elettrico-speciale-privius","status":"publish","type":"page","link":"https:\/\/privius.com\/en\/armadio-elettrico-speciale-privius\/","title":{"rendered":"Armadio elettrico speciale.Privius"},"content":{"rendered":"<div data-elementor-type=\"wp-page\" data-elementor-id=\"577\" class=\"elementor elementor-577\" data-elementor-post-type=\"page\">\n\t\t\t\t\t\t<section class=\"elementor-section elementor-top-section elementor-element elementor-element-8d6dad0 elementor-section-boxed elementor-section-height-default elementor-section-height-default\" data-id=\"8d6dad0\" data-element_type=\"section\">\n\t\t\t\t\t\t<div class=\"elementor-container elementor-column-gap-default\">\n\t\t\t\t\t<div class=\"elementor-column elementor-col-100 elementor-top-column elementor-element elementor-element-3315d09\" data-id=\"3315d09\" data-element_type=\"column\">\n\t\t\t<div class=\"elementor-widget-wrap elementor-element-populated\">\n\t\t\t\t\t\t<div class=\"elementor-element elementor-element-16d0f84 elementor-widget elementor-widget-text-editor\" data-id=\"16d0f84\" data-element_type=\"widget\" data-widget_type=\"text-editor.default\">\n\t\t\t\t<div class=\"elementor-widget-container\">\n\t\t\t\t\t\t\t<h1><strong>ARMADIO ELETTRICO SPECIALE<\/strong><\/h1>\t\t\t\t\t\t<\/div>\n\t\t\t\t<\/div>\n\t\t\t\t\t<\/div>\n\t\t<\/div>\n\t\t\t\t\t<\/div>\n\t\t<\/section>\n\t\t\t\t<section class=\"elementor-section elementor-top-section elementor-element elementor-element-9dde6ff elementor-section-boxed elementor-section-height-default elementor-section-height-default\" data-id=\"9dde6ff\" data-element_type=\"section\">\n\t\t\t\t\t\t<div class=\"elementor-container elementor-column-gap-default\">\n\t\t\t\t\t<div class=\"elementor-column elementor-col-100 elementor-top-column elementor-element elementor-element-368ad4e\" data-id=\"368ad4e\" data-element_type=\"column\">\n\t\t\t<div class=\"elementor-widget-wrap elementor-element-populated\">\n\t\t\t\t\t\t<div class=\"elementor-element elementor-element-9165ddd elementor-widget elementor-widget-image\" data-id=\"9165ddd\" data-element_type=\"widget\" data-widget_type=\"image.default\">\n\t\t\t\t<div class=\"elementor-widget-container\">\n\t\t\t\t\t\t\t\t\t\t\t\t\t<img fetchpriority=\"high\" decoding=\"async\" width=\"280\" height=\"324\" src=\"https:\/\/privius.com\/wp-content\/uploads\/2020\/12\/Privius-carpenteria-speciale.jpg\" class=\"attachment-large size-large wp-image-582\" alt=\"\" srcset=\"https:\/\/privius.com\/wp-content\/uploads\/2020\/12\/Privius-carpenteria-speciale.jpg 280w, https:\/\/privius.com\/wp-content\/uploads\/2020\/12\/Privius-carpenteria-speciale-259x300.jpg 259w, https:\/\/privius.com\/wp-content\/uploads\/2020\/12\/Privius-carpenteria-speciale-10x12.jpg 10w\" sizes=\"100vw\" \/>\t\t\t\t\t\t\t\t\t\t\t\t\t<\/div>\n\t\t\t\t<\/div>\n\t\t\t\t\t<\/div>\n\t\t<\/div>\n\t\t\t\t\t<\/div>\n\t\t<\/section>\n\t\t\t\t<section class=\"elementor-section elementor-top-section elementor-element elementor-element-ae9f431 elementor-section-boxed elementor-section-height-default elementor-section-height-default\" data-id=\"ae9f431\" data-element_type=\"section\">\n\t\t\t\t\t\t<div class=\"elementor-container elementor-column-gap-default\">\n\t\t\t\t\t<div class=\"elementor-column elementor-col-100 elementor-top-column elementor-element elementor-element-15111b7\" data-id=\"15111b7\" data-element_type=\"column\">\n\t\t\t<div class=\"elementor-widget-wrap elementor-element-populated\">\n\t\t\t\t\t\t<div class=\"elementor-element elementor-element-f55d20a elementor-widget elementor-widget-text-editor\" data-id=\"f55d20a\" data-element_type=\"widget\" data-widget_type=\"text-editor.default\">\n\t\t\t\t<div class=\"elementor-widget-container\">\n\t\t\t\t\t\t\t<p>In <strong>Privius<\/strong> siamo specialisti in quadri elettrici su misura per automazione. Dal 1987 come <strong>Special Eta<\/strong> e dal 2013 come\u00a0<strong>Privius<\/strong>\u00a0produciamo quadri elettrici speciali su misura, combinando abilit\u00e0 artigianale con avanzate tecnologie di lavorazione cos\u00ec da offrire soluzioni uniche e di elevata qualit\u00e0.<\/p><p>Siamo specializzati nella produzione di armadi elettrici speciali, carpenterie elettriche a disegno, quadri elettrici non cablati progettati in base alle diverse esigenze dei Clienti: siamo cos\u00ec specializzati che per noi lo speciale \u00e8 standard.<\/p><h4><strong>Armadi elettrici speciali<\/strong><\/h4><p>Siamo costruttori di <strong>Armadi elettrici speciali<\/strong> e monoblocco. <strong>Privius<\/strong> \u00e8 specializzata nella realizzazione di armadi elettrici monoblocco caratterizzati da un\u2019unica struttura in cui fondo tetto e pannelli laterali sono saldati. I nostri armadi elettrici speciali sono il risultato di un lungo processo di preparazione che parte dalla progettazione fino alla realizzazione finale. Nel nostro assortimento di soluzioni di armadi elettrici speciali abbiamo molte misure disponibili, dalle pi\u00f9 piccole fino a quelle grandi dimensioni e almeno cento colori corrispondenti alla <em>tabella RAL<\/em> a scelta, per completare la produzione dei nostri armadi elettrici speciali. Possiamo affermare senza pericolo di smentita, che da oltre quarant\u2019anni produciamo armadi elettrici speciali che, oltre che essere tecnologicamente avanzati, di qualit\u00e0 sono anche armadi elettrici speciali esteticamente belli.<\/p><p><em>L\u2019offerta di armadi elettrici speciali si completa con una serie di accessori:<\/em><\/p><ul><li>lampade,<\/li><li>microinterruttori interni<\/li><li>termostati,<\/li><li>ventole<\/li><li>luce intera<\/li><li>blocco porta<\/li><li>interblocco.<\/li><\/ul><p>Tutto parte da un foglio di lamiera, ma alla fine i nostri armadi elettrici speciali soddisfano qualsiasi necessit\u00e0 nei principali settori industriali.<\/p>\t\t\t\t\t\t<\/div>\n\t\t\t\t<\/div>\n\t\t\t\t\t<\/div>\n\t\t<\/div>\n\t\t\t\t\t<\/div>\n\t\t<\/section>\n\t\t\t\t<\/div>","protected":false},"excerpt":{"rendered":"<p>ARMADIO ELETTRICO SPECIALE In Privius siamo specialisti in quadri elettrici su misura per automazione. Dal 1987 come Special Eta e dal 2013 come\u00a0Privius\u00a0produciamo quadri elettrici speciali su misura, combinando abilit\u00e0 artigianale con avanzate tecnologie di lavorazione cos\u00ec da offrire soluzioni uniche e di elevata qualit\u00e0. Siamo specializzati nella produzione di armadi elettrici speciali, carpenterie elettriche &hellip; <\/p>\n<p class=\"link-more\"><a href=\"https:\/\/privius.com\/en\/armadio-elettrico-speciale-privius\/\" class=\"more-link\">Continue reading<span class=\"screen-reader-text\"> &#8220;Armadio elettrico speciale.Privius&#8221;<\/span><\/a><\/p>","protected":false},"author":2,"featured_media":0,"parent":0,"menu_order":0,"comment_status":"closed","ping_status":"closed","template":"elementor_header_footer","meta":{"footnotes":""},"class_list":["post-577","page","type-page","status-publish","hentry"],"_links":{"self":[{"href":"https:\/\/privius.com\/en\/wp-json\/wp\/v2\/pages\/577","targetHints":{"allow":["GET"]}}],"collection":[{"href":"https:\/\/privius.com\/en\/wp-json\/wp\/v2\/pages"}],"about":[{"href":"https:\/\/privius.com\/en\/wp-json\/wp\/v2\/types\/page"}],"author":[{"embeddable":true,"href":"https:\/\/privius.com\/en\/wp-json\/wp\/v2\/users\/2"}],"replies":[{"embeddable":true,"href":"https:\/\/privius.com\/en\/wp-json\/wp\/v2\/comments?post=577"}],"version-history":[{"count":10,"href":"https:\/\/privius.com\/en\/wp-json\/wp\/v2\/pages\/577\/revisions"}],"predecessor-version":[{"id":589,"href":"https:\/\/privius.com\/en\/wp-json\/wp\/v2\/pages\/577\/revisions\/589"}],"wp:attachment":[{"href":"https:\/\/privius.com\/en\/wp-json\/wp\/v2\/media?parent=577"}],"curies":[{"name":"wp","href":"https:\/\/api.w.org\/{rel}","templated":true}]}}